{"id":246,"date":"2024-02-26T08:40:36","date_gmt":"2024-02-26T08:40:36","guid":{"rendered":"https:\/\/nadimed.be\/produits\/"},"modified":"2024-03-13T17:22:37","modified_gmt":"2024-03-13T17:22:37","slug":"products","status":"publish","type":"page","link":"https:\/\/nadimed.be\/fr\/products\/","title":{"rendered":"Produits"},"content":{"rendered":"\t\t<div data-elementor-type=\"wp-page\" data-elementor-id=\"246\" class=\"elementor elementor-246 elementor-16\" data-elementor-post-type=\"page\">\n\t\t\t\t<div class=\"elementor-element elementor-element-b3d31c2 e-flex e-con-boxed elementor-invisible e-con e-parent\" data-id=\"b3d31c2\" data-element_type=\"container\" data-e-type=\"container\" data-settings=\"{&quot;background_background&quot;:&quot;classic&quot;,&quot;animation&quot;:&quot;fadeIn&quot;}\">\n\t\t\t\t\t<div class=\"e-con-inner\">\n\t\t<div class=\"elementor-element elementor-element-b040a62 e-con-full e-flex e-con e-child\" data-id=\"b040a62\" data-element_type=\"container\" data-e-type=\"container\">\n\t\t\t\t<div class=\"elementor-element elementor-element-6b029cd elementor-hidden-desktop elementor-hidden-tablet elementor-hidden-mobile elementor-invisible elementor-widget elementor-widget-heading\" data-id=\"6b029cd\" data-element_type=\"widget\" data-e-type=\"widget\" data-settings=\"{&quot;_animation&quot;:&quot;fadeInDown&quot;,&quot;_animation_delay&quot;:500}\" data-widget_type=\"heading.default\">\n\t\t\t\t<div class=\"elementor-widget-container\">\n\t\t\t\t\t<h1 class=\"elementor-heading-title elementor-size-default\">L'espace \u00e0<br>\nins\u00e9rer un texte<\/h1>\t\t\t\t<\/div>\n\t\t\t\t<\/div>\n\t\t\t\t<\/div>\n\t\t\t\t\t<\/div>\n\t\t\t\t<\/div>\n\t\t<div class=\"elementor-element elementor-element-d1b145c e-flex e-con-boxed e-con e-parent\" data-id=\"d1b145c\" data-element_type=\"container\" data-e-type=\"container\">\n\t\t\t\t\t<div class=\"e-con-inner\">\n\t\t<div class=\"elementor-element elementor-element-a3ced98 e-flex e-con-boxed e-con e-child\" data-id=\"a3ced98\" data-element_type=\"container\" data-e-type=\"container\">\n\t\t\t\t\t<div class=\"e-con-inner\">\n\t\t<div class=\"elementor-element elementor-element-1a27933 e-con-full e-flex elementor-invisible e-con e-child\" data-id=\"1a27933\" data-element_type=\"container\" data-e-type=\"container\" data-settings=\"{&quot;animation&quot;:&quot;fadeInLeft&quot;,&quot;animation_mobile&quot;:&quot;none&quot;}\">\n\t\t\t\t<div class=\"elementor-element elementor-element-a3029d3 elementor-widget elementor-widget-heading\" data-id=\"a3029d3\" data-element_type=\"widget\" data-e-type=\"widget\" data-settings=\"{&quot;_animation_mobile&quot;:&quot;fadeInDown&quot;}\" data-widget_type=\"heading.default\">\n\t\t\t\t<div class=\"elementor-widget-container\">\n\t\t\t\t\t<h4 class=\"elementor-heading-title elementor-size-default\">Thiopental sodique Panpharma 1g poudre pour solution inj. 10 appartient au groupe de m\u00e9dicaments appel\u00e9s anesth\u00e9siques. Thiopental sodique Panpharma contient la substance active thiopentalnatrium.<\/h4>\t\t\t\t<\/div>\n\t\t\t\t<\/div>\n\t\t\t\t<div class=\"elementor-element elementor-element-8cb1766 elementor-widget elementor-widget-text-editor\" data-id=\"8cb1766\" data-element_type=\"widget\" data-e-type=\"widget\" data-widget_type=\"text-editor.default\">\n\t\t\t\t<div class=\"elementor-widget-container\">\n\t\t\t\t\t\t\t\t\t<p>Thiopental sodium Panpharma est enregistr\u00e9 sous le num\u00e9ro BE661464. <br \/>Une description d\u00e9taill\u00e9e du m\u00e9dicament et des effets secondaires possibles de ce m\u00e9dicament figure dans la <a href=\"https:\/\/nadimed.be\/wp-content\/uploads\/2024\/02\/Leaflet-FR-Thiopental.pdf\" target=\"_blank\" rel=\"noopener\"><u>notice d&rsquo;information destin\u00e9e aux patients<\/u><\/a> et dans le <a href=\"https:\/\/nadimed.be\/wp-content\/uploads\/2024\/02\/RCP-Thiopental-FR.pdf\" target=\"_blank\" rel=\"noopener\"><u>RCP<\/u><\/a>.<\/p>\n\t\t\t\t\t\t\t\t<\/div>\n\t\t\t\t<\/div>\n\t\t\t\t<div class=\"elementor-element elementor-element-3e22c9a elementor-widget elementor-widget-text-editor\" data-id=\"3e22c9a\" data-element_type=\"widget\" data-e-type=\"widget\" data-widget_type=\"text-editor.default\">\n\t\t\t\t<div class=\"elementor-widget-container\">\n\t\t\t\t\t\t\t\t\t<p>NadiMed est le distributeur officiel de ce produit, <br \/>pour plus d&rsquo;informations veuillez contacter <span style=\"color: #00293d;\"><strong><a style=\"color: #00293d;\" href=\"mailto:nadimed@nadimed.be\">nadimed@nadimed.be<\/a><\/strong><\/span><\/p>\n\t\t\t\t\t\t\t\t<\/div>\n\t\t\t\t<\/div>\n\t\t\t\t<div class=\"elementor-element elementor-element-ebcaebd elementor-widget elementor-widget-text-editor\" data-id=\"ebcaebd\" data-element_type=\"widget\" data-e-type=\"widget\" data-widget_type=\"text-editor.default\">\n\t\t\t\t<div class=\"elementor-widget-container\">\n\t\t\t\t\t\t\t\t\t<p><strong>Pour toute demande de pharmacovigilance et d&rsquo;informations m\u00e9dicales, <\/strong><strong>veuillez utiliser les coordonn\u00e9es ci-dessous &#8211;<br \/><\/strong>Tel : +33 (0) 2 99 97 92 12<br \/>Fax : +33 (0) 2 99 97 99 83<br \/><span style=\"color: #00293d;\"><a style=\"color: #00293d;\" href=\"mailto:pharmacovigilance@panpharma.fr\"><strong>pharmacovigilance@panpharma.fr<\/strong><\/a><\/span><\/p>\n\t\t\t\t\t\t\t\t<\/div>\n\t\t\t\t<\/div>\n\t\t\t\t<\/div>\n\t\t<div class=\"elementor-element elementor-element-f52dfb8 e-con-full e-flex e-con e-child\" data-id=\"f52dfb8\" data-element_type=\"container\" data-e-type=\"container\">\n\t\t\t\t<div class=\"elementor-element elementor-element-7a1ec4e elementor-widget-mobile__width-inherit elementor-view-default elementor-invisible elementor-widget elementor-widget-icon\" data-id=\"7a1ec4e\" data-element_type=\"widget\" data-e-type=\"widget\" data-settings=\"{&quot;_animation&quot;:&quot;fadeIn&quot;,&quot;_animation_mobile&quot;:&quot;none&quot;,&quot;_animation_delay&quot;:500}\" data-widget_type=\"icon.default\">\n\t\t\t\t<div class=\"elementor-widget-container\">\n\t\t\t\t\t\t\t<div class=\"elementor-icon-wrapper\">\n\t\t\t<div class=\"elementor-icon\">\n\t\t\t<svg xmlns=\"http:\/\/www.w3.org\/2000\/svg\" xmlns:xlink=\"http:\/\/www.w3.org\/1999\/xlink\" viewBox=\"0 0 638 638\"><defs><linearGradient id=\"linear-gradient\" x1=\"185.06\" y1=\"608.6\" x2=\"452.59\" y2=\"30.15\" gradientUnits=\"userSpaceOnUse\"><stop offset=\"0\" stop-color=\"#2a62ac\"><\/stop><stop offset=\"1\" stop-color=\"#3bae66\"><\/stop><\/linearGradient><\/defs><title>Asset 7-10001181112341111<\/title><g id=\"Layer_2\" data-name=\"Layer 2\"><g id=\"Artwork\"><circle cx=\"319\" cy=\"319\" r=\"319\" style=\"fill:url(#linear-gradient)\"><\/circle><\/g><\/g><\/svg>\t\t\t<\/div>\n\t\t<\/div>\n\t\t\t\t\t\t<\/div>\n\t\t\t\t<\/div>\n\t\t\t\t<div class=\"elementor-element elementor-element-2cbad34 animated-fast elementor-widget__width-inherit elementor-absolute elementor-invisible elementor-widget elementor-widget-image\" data-id=\"2cbad34\" data-element_type=\"widget\" data-e-type=\"widget\" data-settings=\"{&quot;_animation&quot;:&quot;fadeIn&quot;,&quot;_animation_mobile&quot;:&quot;none&quot;,&quot;_animation_delay&quot;:1000,&quot;_position&quot;:&quot;absolute&quot;}\" data-widget_type=\"image.default\">\n\t\t\t\t<div class=\"elementor-widget-container\">\n\t\t\t\t\t\t\t\t\t\t\t\t\t\t\t<img fetchpriority=\"high\" decoding=\"async\" width=\"768\" height=\"1044\" src=\"https:\/\/nadimed.be\/wp-content\/uploads\/2024\/02\/28435-1.png\" class=\"attachment-medium_large size-medium_large wp-image-306\" alt=\"\" srcset=\"https:\/\/nadimed.be\/wp-content\/uploads\/2024\/02\/28435-1.png 768w, https:\/\/nadimed.be\/wp-content\/uploads\/2024\/02\/28435-1-221x300.png 221w, https:\/\/nadimed.be\/wp-content\/uploads\/2024\/02\/28435-1-753x1024.png 753w\" sizes=\"(max-width: 768px) 100vw, 768px\" \/>\t\t\t\t\t\t\t\t\t\t\t\t\t\t\t<\/div>\n\t\t\t\t<\/div>\n\t\t\t\t<\/div>\n\t\t\t\t\t<\/div>\n\t\t\t\t<\/div>\n\t\t\t\t\t<\/div>\n\t\t\t\t<\/div>\n\t\t\t\t<\/div>\n\t\t","protected":false},"excerpt":{"rendered":"<p>L&rsquo;espace \u00e0 ins\u00e9rer un texte Thiopental sodique Panpharma 1g poudre pour solution inj. 10 appartient au groupe de m\u00e9dicaments appel\u00e9s [&hellip;]<\/p>\n","protected":false},"author":1,"featured_media":0,"parent":0,"menu_order":0,"comment_status":"closed","ping_status":"closed","template":"elementor_header_footer","meta":{"site-sidebar-layout":"no-sidebar","site-content-layout":"","ast-site-content-layout":"full-width-container","site-content-style":"default","site-sidebar-style":"default","ast-global-header-display":"disabled","ast-banner-title-visibility":"","ast-main-header-display":"","ast-hfb-above-header-display":"","ast-hfb-below-header-display":"","ast-hfb-mobile-header-display":"","site-post-title":"disabled","ast-breadcrumbs-content":"","ast-featured-img":"disabled","footer-sml-layout":"disabled","ast-disable-related-posts":"","theme-transparent-header-meta":"","adv-header-id-meta":"","stick-header-meta":"","header-above-stick-meta":"","header-main-stick-meta":"","header-below-stick-meta":"","astra-migrate-meta-layouts":"default","ast-page-background-enabled":"default","ast-page-background-meta":{"desktop":{"background-color":"var(--ast-global-color-4)","background-image":"","background-repeat":"repeat","background-position":"center center","background-size":"auto","background-attachment":"scroll","background-type":"","background-media":"","overlay-type":"","overlay-color":"","overlay-opacity":"","overlay-gradient":""},"tablet":{"background-color":"","background-image":"","background-repeat":"repeat","background-position":"center center","background-size":"auto","background-attachment":"scroll","background-type":"","background-media":"","overlay-type":"","overlay-color":"","overlay-opacity":"","overlay-gradient":""},"mobile":{"background-color":"","background-image":"","background-repeat":"repeat","background-position":"center center","background-size":"auto","background-attachment":"scroll","background-type":"","background-media":"","overlay-type":"","overlay-color":"","overlay-opacity":"","overlay-gradient":""}},"ast-content-background-meta":{"desktop":{"background-color":"var(--ast-global-color-5)","background-image":"","background-repeat":"repeat","background-position":"center center","background-size":"auto","background-attachment":"scroll","background-type":"","background-media":"","overlay-type":"","overlay-color":"","overlay-opacity":"","overlay-gradient":""},"tablet":{"background-color":"var(--ast-global-color-5)","background-image":"","background-repeat":"repeat","background-position":"center center","background-size":"auto","background-attachment":"scroll","background-type":"","background-media":"","overlay-type":"","overlay-color":"","overlay-opacity":"","overlay-gradient":""},"mobile":{"background-color":"var(--ast-global-color-5)","background-image":"","background-repeat":"repeat","background-position":"center center","background-size":"auto","background-attachment":"scroll","background-type":"","background-media":"","overlay-type":"","overlay-color":"","overlay-opacity":"","overlay-gradient":""}},"footnotes":""},"class_list":["post-246","page","type-page","status-publish","hentry"],"yoast_head":"<!-- This site is optimized with the Yoast SEO plugin v27.4 - https:\/\/yoast.com\/product\/yoast-seo-wordpress\/ -->\n<title>Produits NadiMed - Distributeur Officiel de Thiopental Sodium Panpharma<\/title>\n<meta name=\"description\" content=\"En tant que distributeur officiel, NadiMed propose le Thiopental Sodium Panpharma, un produit anesth\u00e9sique cl\u00e9, avec des informations m\u00e9dicinales et sur les effets secondaires.\" \/>\n<meta name=\"robots\" content=\"index, follow, max-snippet:-1, max-image-preview:large, max-video-preview:-1\" \/>\n<link rel=\"canonical\" href=\"https:\/\/nadimed.be\/fr\/products\/\" \/>\n<meta property=\"og:locale\" content=\"fr_FR\" \/>\n<meta property=\"og:type\" content=\"article\" \/>\n<meta property=\"og:title\" content=\"Produits NadiMed - Distributeur Officiel de Thiopental Sodium Panpharma\" \/>\n<meta property=\"og:description\" content=\"En tant que distributeur officiel, NadiMed propose le Thiopental Sodium Panpharma, un produit anesth\u00e9sique cl\u00e9, avec des informations m\u00e9dicinales et sur les effets secondaires.\" \/>\n<meta property=\"og:url\" content=\"https:\/\/nadimed.be\/fr\/products\/\" \/>\n<meta property=\"og:site_name\" content=\"NadiMed\" \/>\n<meta property=\"article:modified_time\" content=\"2024-03-13T17:22:37+00:00\" \/>\n<meta property=\"og:image\" content=\"https:\/\/nadimed.be\/wp-content\/uploads\/2024\/02\/28435-1.png\" \/>\n<meta name=\"twitter:card\" content=\"summary_large_image\" \/>\n<meta name=\"twitter:label1\" content=\"Dur\u00e9e de lecture estim\u00e9e\" \/>\n\t<meta name=\"twitter:data1\" content=\"1 minute\" \/>\n<script type=\"application\/ld+json\" class=\"yoast-schema-graph\">{\"@context\":\"https:\\\/\\\/schema.org\",\"@graph\":[{\"@type\":\"WebPage\",\"@id\":\"https:\\\/\\\/nadimed.be\\\/fr\\\/products\\\/\",\"url\":\"https:\\\/\\\/nadimed.be\\\/fr\\\/products\\\/\",\"name\":\"Produits NadiMed - Distributeur Officiel de Thiopental Sodium Panpharma\",\"isPartOf\":{\"@id\":\"https:\\\/\\\/nadimed.be\\\/fr\\\/#website\"},\"primaryImageOfPage\":{\"@id\":\"https:\\\/\\\/nadimed.be\\\/fr\\\/products\\\/#primaryimage\"},\"image\":{\"@id\":\"https:\\\/\\\/nadimed.be\\\/fr\\\/products\\\/#primaryimage\"},\"thumbnailUrl\":\"https:\\\/\\\/nadimed.be\\\/wp-content\\\/uploads\\\/2024\\\/02\\\/28435-1.png\",\"datePublished\":\"2024-02-26T08:40:36+00:00\",\"dateModified\":\"2024-03-13T17:22:37+00:00\",\"description\":\"En tant que distributeur officiel, NadiMed propose le Thiopental Sodium Panpharma, un produit anesth\u00e9sique cl\u00e9, avec des informations m\u00e9dicinales et sur les effets secondaires.\",\"breadcrumb\":{\"@id\":\"https:\\\/\\\/nadimed.be\\\/fr\\\/products\\\/#breadcrumb\"},\"inLanguage\":\"fr-FR\",\"potentialAction\":[{\"@type\":\"ReadAction\",\"target\":[\"https:\\\/\\\/nadimed.be\\\/fr\\\/products\\\/\"]}]},{\"@type\":\"ImageObject\",\"inLanguage\":\"fr-FR\",\"@id\":\"https:\\\/\\\/nadimed.be\\\/fr\\\/products\\\/#primaryimage\",\"url\":\"https:\\\/\\\/nadimed.be\\\/wp-content\\\/uploads\\\/2024\\\/02\\\/28435-1.png\",\"contentUrl\":\"https:\\\/\\\/nadimed.be\\\/wp-content\\\/uploads\\\/2024\\\/02\\\/28435-1.png\"},{\"@type\":\"BreadcrumbList\",\"@id\":\"https:\\\/\\\/nadimed.be\\\/fr\\\/products\\\/#breadcrumb\",\"itemListElement\":[{\"@type\":\"ListItem\",\"position\":1,\"name\":\"Home\",\"item\":\"https:\\\/\\\/nadimed.be\\\/fr\\\/domicile\\\/\"},{\"@type\":\"ListItem\",\"position\":2,\"name\":\"Produits\"}]},{\"@type\":\"WebSite\",\"@id\":\"https:\\\/\\\/nadimed.be\\\/fr\\\/#website\",\"url\":\"https:\\\/\\\/nadimed.be\\\/fr\\\/\",\"name\":\"NadiMed\",\"description\":\"\",\"publisher\":{\"@id\":\"https:\\\/\\\/nadimed.be\\\/fr\\\/#organization\"},\"potentialAction\":[{\"@type\":\"SearchAction\",\"target\":{\"@type\":\"EntryPoint\",\"urlTemplate\":\"https:\\\/\\\/nadimed.be\\\/fr\\\/?s={search_term_string}\"},\"query-input\":{\"@type\":\"PropertyValueSpecification\",\"valueRequired\":true,\"valueName\":\"search_term_string\"}}],\"inLanguage\":\"fr-FR\"},{\"@type\":\"Organization\",\"@id\":\"https:\\\/\\\/nadimed.be\\\/fr\\\/#organization\",\"name\":\"NadiMed\",\"url\":\"https:\\\/\\\/nadimed.be\\\/fr\\\/\",\"logo\":{\"@type\":\"ImageObject\",\"inLanguage\":\"fr-FR\",\"@id\":\"https:\\\/\\\/nadimed.be\\\/fr\\\/#\\\/schema\\\/logo\\\/image\\\/\",\"url\":\"https:\\\/\\\/nadimed.be\\\/wp-content\\\/uploads\\\/2024\\\/02\\\/nadi-me-logo.png\",\"contentUrl\":\"https:\\\/\\\/nadimed.be\\\/wp-content\\\/uploads\\\/2024\\\/02\\\/nadi-me-logo.png\",\"width\":300,\"height\":290,\"caption\":\"NadiMed\"},\"image\":{\"@id\":\"https:\\\/\\\/nadimed.be\\\/fr\\\/#\\\/schema\\\/logo\\\/image\\\/\"}}]}<\/script>\n<!-- \/ Yoast SEO plugin. -->","yoast_head_json":{"title":"Produits NadiMed - Distributeur Officiel de Thiopental Sodium Panpharma","description":"En tant que distributeur officiel, NadiMed propose le Thiopental Sodium Panpharma, un produit anesth\u00e9sique cl\u00e9, avec des informations m\u00e9dicinales et sur les effets secondaires.","robots":{"index":"index","follow":"follow","max-snippet":"max-snippet:-1","max-image-preview":"max-image-preview:large","max-video-preview":"max-video-preview:-1"},"canonical":"https:\/\/nadimed.be\/fr\/products\/","og_locale":"fr_FR","og_type":"article","og_title":"Produits NadiMed - Distributeur Officiel de Thiopental Sodium Panpharma","og_description":"En tant que distributeur officiel, NadiMed propose le Thiopental Sodium Panpharma, un produit anesth\u00e9sique cl\u00e9, avec des informations m\u00e9dicinales et sur les effets secondaires.","og_url":"https:\/\/nadimed.be\/fr\/products\/","og_site_name":"NadiMed","article_modified_time":"2024-03-13T17:22:37+00:00","og_image":[{"url":"https:\/\/nadimed.be\/wp-content\/uploads\/2024\/02\/28435-1.png","type":"","width":"","height":""}],"twitter_card":"summary_large_image","twitter_misc":{"Dur\u00e9e de lecture estim\u00e9e":"1 minute"},"schema":{"@context":"https:\/\/schema.org","@graph":[{"@type":"WebPage","@id":"https:\/\/nadimed.be\/fr\/products\/","url":"https:\/\/nadimed.be\/fr\/products\/","name":"Produits NadiMed - Distributeur Officiel de Thiopental Sodium Panpharma","isPartOf":{"@id":"https:\/\/nadimed.be\/fr\/#website"},"primaryImageOfPage":{"@id":"https:\/\/nadimed.be\/fr\/products\/#primaryimage"},"image":{"@id":"https:\/\/nadimed.be\/fr\/products\/#primaryimage"},"thumbnailUrl":"https:\/\/nadimed.be\/wp-content\/uploads\/2024\/02\/28435-1.png","datePublished":"2024-02-26T08:40:36+00:00","dateModified":"2024-03-13T17:22:37+00:00","description":"En tant que distributeur officiel, NadiMed propose le Thiopental Sodium Panpharma, un produit anesth\u00e9sique cl\u00e9, avec des informations m\u00e9dicinales et sur les effets secondaires.","breadcrumb":{"@id":"https:\/\/nadimed.be\/fr\/products\/#breadcrumb"},"inLanguage":"fr-FR","potentialAction":[{"@type":"ReadAction","target":["https:\/\/nadimed.be\/fr\/products\/"]}]},{"@type":"ImageObject","inLanguage":"fr-FR","@id":"https:\/\/nadimed.be\/fr\/products\/#primaryimage","url":"https:\/\/nadimed.be\/wp-content\/uploads\/2024\/02\/28435-1.png","contentUrl":"https:\/\/nadimed.be\/wp-content\/uploads\/2024\/02\/28435-1.png"},{"@type":"BreadcrumbList","@id":"https:\/\/nadimed.be\/fr\/products\/#breadcrumb","itemListElement":[{"@type":"ListItem","position":1,"name":"Home","item":"https:\/\/nadimed.be\/fr\/domicile\/"},{"@type":"ListItem","position":2,"name":"Produits"}]},{"@type":"WebSite","@id":"https:\/\/nadimed.be\/fr\/#website","url":"https:\/\/nadimed.be\/fr\/","name":"NadiMed","description":"","publisher":{"@id":"https:\/\/nadimed.be\/fr\/#organization"},"potentialAction":[{"@type":"SearchAction","target":{"@type":"EntryPoint","urlTemplate":"https:\/\/nadimed.be\/fr\/?s={search_term_string}"},"query-input":{"@type":"PropertyValueSpecification","valueRequired":true,"valueName":"search_term_string"}}],"inLanguage":"fr-FR"},{"@type":"Organization","@id":"https:\/\/nadimed.be\/fr\/#organization","name":"NadiMed","url":"https:\/\/nadimed.be\/fr\/","logo":{"@type":"ImageObject","inLanguage":"fr-FR","@id":"https:\/\/nadimed.be\/fr\/#\/schema\/logo\/image\/","url":"https:\/\/nadimed.be\/wp-content\/uploads\/2024\/02\/nadi-me-logo.png","contentUrl":"https:\/\/nadimed.be\/wp-content\/uploads\/2024\/02\/nadi-me-logo.png","width":300,"height":290,"caption":"NadiMed"},"image":{"@id":"https:\/\/nadimed.be\/fr\/#\/schema\/logo\/image\/"}}]}},"_links":{"self":[{"href":"https:\/\/nadimed.be\/fr\/wp-json\/wp\/v2\/pages\/246","targetHints":{"allow":["GET"]}}],"collection":[{"href":"https:\/\/nadimed.be\/fr\/wp-json\/wp\/v2\/pages"}],"about":[{"href":"https:\/\/nadimed.be\/fr\/wp-json\/wp\/v2\/types\/page"}],"author":[{"embeddable":true,"href":"https:\/\/nadimed.be\/fr\/wp-json\/wp\/v2\/users\/1"}],"replies":[{"embeddable":true,"href":"https:\/\/nadimed.be\/fr\/wp-json\/wp\/v2\/comments?post=246"}],"version-history":[{"count":45,"href":"https:\/\/nadimed.be\/fr\/wp-json\/wp\/v2\/pages\/246\/revisions"}],"predecessor-version":[{"id":1150,"href":"https:\/\/nadimed.be\/fr\/wp-json\/wp\/v2\/pages\/246\/revisions\/1150"}],"wp:attachment":[{"href":"https:\/\/nadimed.be\/fr\/wp-json\/wp\/v2\/media?parent=246"}],"curies":[{"name":"wp","href":"https:\/\/api.w.org\/{rel}","templated":true}]}}