{"id":179,"date":"2024-02-26T08:40:25","date_gmt":"2024-02-26T08:40:25","guid":{"rendered":"https:\/\/nadimed.be\/startseite\/"},"modified":"2024-03-13T09:22:02","modified_gmt":"2024-03-13T09:22:02","slug":"startseite","status":"publish","type":"page","link":"https:\/\/nadimed.be\/de\/","title":{"rendered":"Startseite"},"content":{"rendered":"\t\t<div data-elementor-type=\"wp-page\" data-elementor-id=\"179\" class=\"elementor elementor-179 elementor-13\" data-elementor-post-type=\"page\">\n\t\t\t\t<div class=\"elementor-element elementor-element-720dee7 e-flex e-con-boxed elementor-invisible e-con e-parent\" data-id=\"720dee7\" data-element_type=\"container\" data-e-type=\"container\" data-settings=\"{&quot;background_background&quot;:&quot;classic&quot;,&quot;animation&quot;:&quot;fadeIn&quot;}\">\n\t\t\t\t\t<div class=\"e-con-inner\">\n\t\t<div class=\"elementor-element elementor-element-9cebe6e e-con-full e-flex e-con e-child\" data-id=\"9cebe6e\" data-element_type=\"container\" data-e-type=\"container\">\n\t\t\t\t<\/div>\n\t\t\t\t\t<\/div>\n\t\t\t\t<\/div>\n\t\t<div class=\"elementor-element elementor-element-7118fd2 e-flex e-con-boxed e-con e-parent\" data-id=\"7118fd2\" data-element_type=\"container\" data-e-type=\"container\">\n\t\t\t\t\t<div class=\"e-con-inner\">\n\t\t<div class=\"elementor-element elementor-element-cde5857 e-con-full e-flex elementor-invisible e-con e-child\" data-id=\"cde5857\" data-element_type=\"container\" data-e-type=\"container\" data-settings=\"{&quot;animation&quot;:&quot;fadeInLeft&quot;,&quot;animation_mobile&quot;:&quot;none&quot;}\">\n\t\t\t\t<div class=\"elementor-element elementor-element-3dfb6ae elementor-widget elementor-widget-heading\" data-id=\"3dfb6ae\" data-element_type=\"widget\" data-e-type=\"widget\" data-settings=\"{&quot;_animation_mobile&quot;:&quot;fadeInDown&quot;}\" data-widget_type=\"heading.default\">\n\t\t\t\t<div class=\"elementor-widget-container\">\n\t\t\t\t\t<h1 class=\"elementor-heading-title elementor-size-default\">Willkommen<br>\nbei NadiMed<\/h1>\t\t\t\t<\/div>\n\t\t\t\t<\/div>\n\t\t\t\t<div class=\"elementor-element elementor-element-7b39fb9 elementor-widget elementor-widget-text-editor\" data-id=\"7b39fb9\" data-element_type=\"widget\" data-e-type=\"widget\" data-widget_type=\"text-editor.default\">\n\t\t\t\t<div class=\"elementor-widget-container\">\n\t\t\t\t\t\t\t\t\t<p>NadiMed vertreibt Produkte an Krankenh\u00e4user und Apotheken in Belgien und Luxemburg. Wir wurden 2003 gegr\u00fcndet und verf\u00fcgen \u00fcber mehr als 20 Jahre Erfahrung als vertrauensw\u00fcrdiger Vertreiber von Arzneimitteln (Human- und Veterin\u00e4rmedizin), medizinischen Ger\u00e4ten, Kosmetika und Di\u00e4tprodukten in Belgien und Europa. Seit 2023 sind wir Teil der Mawdsleys-Unternehmensgruppe und profitieren so vom Reichtum von Fachwissen und Tradition, die mit unserer Muttergesellschaft verbunden sind, einem globalen Pharmaanbieter mit einer 200-j\u00e4hrigen Geschichte.  <\/p>\n\t\t\t\t\t\t\t\t<\/div>\n\t\t\t\t<\/div>\n\t\t\t\t<\/div>\n\t\t<div class=\"elementor-element elementor-element-63242bb e-con-full e-flex e-con e-child\" data-id=\"63242bb\" data-element_type=\"container\" data-e-type=\"container\">\n\t\t\t\t<div class=\"elementor-element elementor-element-45ad7a0 elementor-widget__width-auto elementor-widget-mobile__width-inherit elementor-absolute elementor-view-default elementor-invisible elementor-widget elementor-widget-icon\" data-id=\"45ad7a0\" data-element_type=\"widget\" data-e-type=\"widget\" data-settings=\"{&quot;_position&quot;:&quot;absolute&quot;,&quot;_animation&quot;:&quot;fadeIn&quot;,&quot;_animation_mobile&quot;:&quot;none&quot;,&quot;_animation_delay&quot;:500}\" data-widget_type=\"icon.default\">\n\t\t\t\t<div class=\"elementor-widget-container\">\n\t\t\t\t\t\t\t<div class=\"elementor-icon-wrapper\">\n\t\t\t<div class=\"elementor-icon\">\n\t\t\t<svg xmlns=\"http:\/\/www.w3.org\/2000\/svg\" xmlns:xlink=\"http:\/\/www.w3.org\/1999\/xlink\" viewBox=\"0 0 567.05 637.19\"><defs><linearGradient id=\"linear-gradient\" x1=\"236.62\" y1=\"531.65\" x2=\"487.35\" y2=\"-10.47\" gradientUnits=\"userSpaceOnUse\"><stop offset=\"0\" stop-color=\"#3bae66\"><\/stop><stop offset=\"1\" stop-color=\"#2a62ac\"><\/stop><\/linearGradient><\/defs><title>Asset 1-10001181112341111<\/title><g id=\"Layer_2\" data-name=\"Layer 2\"><g id=\"Artwork\"><path d=\"M567.05,566.5c0,51-52.47,85.21-99.15,64.59l-365-161.27C49.44,443.75,0,398.71,0,318.61S42.35,193.92,103.49,166.94L467.92,6.09c46.68-20.6,99.13,13.58,99.13,64.6Z\" style=\"fill:url(#linear-gradient)\"><\/path><\/g><\/g><\/svg>\t\t\t<\/div>\n\t\t<\/div>\n\t\t\t\t\t\t<\/div>\n\t\t\t\t<\/div>\n\t\t\t\t<div class=\"elementor-element elementor-element-869de32 animated-fast elementor-invisible elementor-widget elementor-widget-image\" data-id=\"869de32\" data-element_type=\"widget\" data-e-type=\"widget\" data-settings=\"{&quot;_animation&quot;:&quot;fadeIn&quot;,&quot;_animation_mobile&quot;:&quot;none&quot;,&quot;_animation_delay&quot;:1000}\" data-widget_type=\"image.default\">\n\t\t\t\t<div class=\"elementor-widget-container\">\n\t\t\t\t\t\t\t\t\t\t\t\t\t\t\t<img fetchpriority=\"high\" decoding=\"async\" width=\"768\" height=\"1141\" src=\"https:\/\/nadimed.be\/wp-content\/uploads\/2024\/02\/pharmacist-work-1.png\" class=\"attachment-medium_large size-medium_large wp-image-99\" alt=\"\" srcset=\"https:\/\/nadimed.be\/wp-content\/uploads\/2024\/02\/pharmacist-work-1.png 768w, https:\/\/nadimed.be\/wp-content\/uploads\/2024\/02\/pharmacist-work-1-202x300.png 202w, https:\/\/nadimed.be\/wp-content\/uploads\/2024\/02\/pharmacist-work-1-689x1024.png 689w\" sizes=\"(max-width: 768px) 100vw, 768px\" \/>\t\t\t\t\t\t\t\t\t\t\t\t\t\t\t<\/div>\n\t\t\t\t<\/div>\n\t\t\t\t<\/div>\n\t\t\t\t\t<\/div>\n\t\t\t\t<\/div>\n\t\t\t\t<\/div>\n\t\t","protected":false},"excerpt":{"rendered":"<p>Willkommen bei NadiMed NadiMed vertreibt Produkte an Krankenh\u00e4user und Apotheken in Belgien und Luxemburg. Wir wurden 2003 gegr\u00fcndet und verf\u00fcgen [&hellip;]<\/p>\n","protected":false},"author":1,"featured_media":0,"parent":0,"menu_order":0,"comment_status":"closed","ping_status":"closed","template":"","meta":{"site-sidebar-layout":"no-sidebar","site-content-layout":"","ast-site-content-layout":"full-width-container","site-content-style":"default","site-sidebar-style":"default","ast-global-header-display":"","ast-banner-title-visibility":"","ast-main-header-display":"","ast-hfb-above-header-display":"","ast-hfb-below-header-display":"","ast-hfb-mobile-header-display":"","site-post-title":"disabled","ast-breadcrumbs-content":"","ast-featured-img":"disabled","footer-sml-layout":"","ast-disable-related-posts":"","theme-transparent-header-meta":"","adv-header-id-meta":"","stick-header-meta":"","header-above-stick-meta":"","header-main-stick-meta":"","header-below-stick-meta":"","astra-migrate-meta-layouts":"default","ast-page-background-enabled":"default","ast-page-background-meta":{"desktop":{"background-color":"var(--ast-global-color-4)","background-image":"","background-repeat":"repeat","background-position":"center center","background-size":"auto","background-attachment":"scroll","background-type":"","background-media":"","overlay-type":"","overlay-color":"","overlay-opacity":"","overlay-gradient":""},"tablet":{"background-color":"","background-image":"","background-repeat":"repeat","background-position":"center center","background-size":"auto","background-attachment":"scroll","background-type":"","background-media":"","overlay-type":"","overlay-color":"","overlay-opacity":"","overlay-gradient":""},"mobile":{"background-color":"","background-image":"","background-repeat":"repeat","background-position":"center center","background-size":"auto","background-attachment":"scroll","background-type":"","background-media":"","overlay-type":"","overlay-color":"","overlay-opacity":"","overlay-gradient":""}},"ast-content-background-meta":{"desktop":{"background-color":"var(--ast-global-color-5)","background-image":"","background-repeat":"repeat","background-position":"center center","background-size":"auto","background-attachment":"scroll","background-type":"","background-media":"","overlay-type":"","overlay-color":"","overlay-opacity":"","overlay-gradient":""},"tablet":{"background-color":"var(--ast-global-color-5)","background-image":"","background-repeat":"repeat","background-position":"center center","background-size":"auto","background-attachment":"scroll","background-type":"","background-media":"","overlay-type":"","overlay-color":"","overlay-opacity":"","overlay-gradient":""},"mobile":{"background-color":"var(--ast-global-color-5)","background-image":"","background-repeat":"repeat","background-position":"center center","background-size":"auto","background-attachment":"scroll","background-type":"","background-media":"","overlay-type":"","overlay-color":"","overlay-opacity":"","overlay-gradient":""}},"footnotes":""},"class_list":["post-179","page","type-page","status-publish","hentry"],"yoast_head":"<!-- This site is optimized with the Yoast SEO plugin v27.4 - https:\/\/yoast.com\/product\/yoast-seo-wordpress\/ -->\n<title>NadiMed - Vertrauensw\u00fcrdiger Pharmazeutischer Vertreiber in Belgien &amp; Luxemburg<\/title>\n<meta name=\"description\" content=\"Seit 2003 bietet NadiMed experte Vertrieb von pharmazeutischen Produkten, medizinischen Ger\u00e4ten, Kosmetika und di\u00e4tetischen Produkten in Belgien und Europa.\" \/>\n<meta name=\"robots\" content=\"index, follow, max-snippet:-1, max-image-preview:large, max-video-preview:-1\" \/>\n<link rel=\"canonical\" href=\"https:\/\/nadimed.be\/de\/\" \/>\n<meta property=\"og:locale\" content=\"de_DE\" \/>\n<meta property=\"og:type\" content=\"article\" \/>\n<meta property=\"og:title\" content=\"NadiMed - Vertrauensw\u00fcrdiger Pharmazeutischer Vertreiber in Belgien &amp; Luxemburg\" \/>\n<meta property=\"og:description\" content=\"Seit 2003 bietet NadiMed experte Vertrieb von pharmazeutischen Produkten, medizinischen Ger\u00e4ten, Kosmetika und di\u00e4tetischen Produkten in Belgien und Europa.\" \/>\n<meta property=\"og:url\" content=\"https:\/\/nadimed.be\/de\/\" \/>\n<meta property=\"og:site_name\" content=\"NadiMed\" \/>\n<meta property=\"article:modified_time\" content=\"2024-03-13T09:22:02+00:00\" \/>\n<meta property=\"og:image\" content=\"https:\/\/nadimed.be\/wp-content\/uploads\/2024\/02\/pharmacist-work-1.png\" \/>\n<meta name=\"twitter:card\" content=\"summary_large_image\" \/>\n<script type=\"application\/ld+json\" class=\"yoast-schema-graph\">{\"@context\":\"https:\\\/\\\/schema.org\",\"@graph\":[{\"@type\":\"WebPage\",\"@id\":\"https:\\\/\\\/nadimed.be\\\/de\\\/\",\"url\":\"https:\\\/\\\/nadimed.be\\\/de\\\/\",\"name\":\"NadiMed - Vertrauensw\u00fcrdiger Pharmazeutischer Vertreiber in Belgien & Luxemburg\",\"isPartOf\":{\"@id\":\"https:\\\/\\\/nadimed.be\\\/de\\\/#website\"},\"primaryImageOfPage\":{\"@id\":\"https:\\\/\\\/nadimed.be\\\/de\\\/#primaryimage\"},\"image\":{\"@id\":\"https:\\\/\\\/nadimed.be\\\/de\\\/#primaryimage\"},\"thumbnailUrl\":\"https:\\\/\\\/nadimed.be\\\/wp-content\\\/uploads\\\/2024\\\/02\\\/pharmacist-work-1.png\",\"datePublished\":\"2024-02-26T08:40:25+00:00\",\"dateModified\":\"2024-03-13T09:22:02+00:00\",\"description\":\"Seit 2003 bietet NadiMed experte Vertrieb von pharmazeutischen Produkten, medizinischen Ger\u00e4ten, Kosmetika und di\u00e4tetischen Produkten in Belgien und Europa.\",\"breadcrumb\":{\"@id\":\"https:\\\/\\\/nadimed.be\\\/de\\\/#breadcrumb\"},\"inLanguage\":\"de\",\"potentialAction\":[{\"@type\":\"ReadAction\",\"target\":[\"https:\\\/\\\/nadimed.be\\\/de\\\/\"]}]},{\"@type\":\"ImageObject\",\"inLanguage\":\"de\",\"@id\":\"https:\\\/\\\/nadimed.be\\\/de\\\/#primaryimage\",\"url\":\"https:\\\/\\\/nadimed.be\\\/wp-content\\\/uploads\\\/2024\\\/02\\\/pharmacist-work-1.png\",\"contentUrl\":\"https:\\\/\\\/nadimed.be\\\/wp-content\\\/uploads\\\/2024\\\/02\\\/pharmacist-work-1.png\"},{\"@type\":\"BreadcrumbList\",\"@id\":\"https:\\\/\\\/nadimed.be\\\/de\\\/#breadcrumb\",\"itemListElement\":[{\"@type\":\"ListItem\",\"position\":1,\"name\":\"Home\",\"item\":\"https:\\\/\\\/nadimed.be\\\/de\\\/startseite\\\/\"},{\"@type\":\"ListItem\",\"position\":2,\"name\":\"Startseite\"}]},{\"@type\":\"WebSite\",\"@id\":\"https:\\\/\\\/nadimed.be\\\/de\\\/#website\",\"url\":\"https:\\\/\\\/nadimed.be\\\/de\\\/\",\"name\":\"NadiMed\",\"description\":\"\",\"publisher\":{\"@id\":\"https:\\\/\\\/nadimed.be\\\/de\\\/#organization\"},\"potentialAction\":[{\"@type\":\"SearchAction\",\"target\":{\"@type\":\"EntryPoint\",\"urlTemplate\":\"https:\\\/\\\/nadimed.be\\\/de\\\/?s={search_term_string}\"},\"query-input\":{\"@type\":\"PropertyValueSpecification\",\"valueRequired\":true,\"valueName\":\"search_term_string\"}}],\"inLanguage\":\"de\"},{\"@type\":\"Organization\",\"@id\":\"https:\\\/\\\/nadimed.be\\\/de\\\/#organization\",\"name\":\"NadiMed\",\"url\":\"https:\\\/\\\/nadimed.be\\\/de\\\/\",\"logo\":{\"@type\":\"ImageObject\",\"inLanguage\":\"de\",\"@id\":\"https:\\\/\\\/nadimed.be\\\/de\\\/#\\\/schema\\\/logo\\\/image\\\/\",\"url\":\"https:\\\/\\\/nadimed.be\\\/wp-content\\\/uploads\\\/2024\\\/02\\\/nadi-me-logo.png\",\"contentUrl\":\"https:\\\/\\\/nadimed.be\\\/wp-content\\\/uploads\\\/2024\\\/02\\\/nadi-me-logo.png\",\"width\":300,\"height\":290,\"caption\":\"NadiMed\"},\"image\":{\"@id\":\"https:\\\/\\\/nadimed.be\\\/de\\\/#\\\/schema\\\/logo\\\/image\\\/\"}}]}<\/script>\n<!-- \/ Yoast SEO plugin. -->","yoast_head_json":{"title":"NadiMed - Vertrauensw\u00fcrdiger Pharmazeutischer Vertreiber in Belgien & Luxemburg","description":"Seit 2003 bietet NadiMed experte Vertrieb von pharmazeutischen Produkten, medizinischen Ger\u00e4ten, Kosmetika und di\u00e4tetischen Produkten in Belgien und Europa.","robots":{"index":"index","follow":"follow","max-snippet":"max-snippet:-1","max-image-preview":"max-image-preview:large","max-video-preview":"max-video-preview:-1"},"canonical":"https:\/\/nadimed.be\/de\/","og_locale":"de_DE","og_type":"article","og_title":"NadiMed - Vertrauensw\u00fcrdiger Pharmazeutischer Vertreiber in Belgien & Luxemburg","og_description":"Seit 2003 bietet NadiMed experte Vertrieb von pharmazeutischen Produkten, medizinischen Ger\u00e4ten, Kosmetika und di\u00e4tetischen Produkten in Belgien und Europa.","og_url":"https:\/\/nadimed.be\/de\/","og_site_name":"NadiMed","article_modified_time":"2024-03-13T09:22:02+00:00","og_image":[{"url":"https:\/\/nadimed.be\/wp-content\/uploads\/2024\/02\/pharmacist-work-1.png","type":"","width":"","height":""}],"twitter_card":"summary_large_image","schema":{"@context":"https:\/\/schema.org","@graph":[{"@type":"WebPage","@id":"https:\/\/nadimed.be\/de\/","url":"https:\/\/nadimed.be\/de\/","name":"NadiMed - Vertrauensw\u00fcrdiger Pharmazeutischer Vertreiber in Belgien & Luxemburg","isPartOf":{"@id":"https:\/\/nadimed.be\/de\/#website"},"primaryImageOfPage":{"@id":"https:\/\/nadimed.be\/de\/#primaryimage"},"image":{"@id":"https:\/\/nadimed.be\/de\/#primaryimage"},"thumbnailUrl":"https:\/\/nadimed.be\/wp-content\/uploads\/2024\/02\/pharmacist-work-1.png","datePublished":"2024-02-26T08:40:25+00:00","dateModified":"2024-03-13T09:22:02+00:00","description":"Seit 2003 bietet NadiMed experte Vertrieb von pharmazeutischen Produkten, medizinischen Ger\u00e4ten, Kosmetika und di\u00e4tetischen Produkten in Belgien und Europa.","breadcrumb":{"@id":"https:\/\/nadimed.be\/de\/#breadcrumb"},"inLanguage":"de","potentialAction":[{"@type":"ReadAction","target":["https:\/\/nadimed.be\/de\/"]}]},{"@type":"ImageObject","inLanguage":"de","@id":"https:\/\/nadimed.be\/de\/#primaryimage","url":"https:\/\/nadimed.be\/wp-content\/uploads\/2024\/02\/pharmacist-work-1.png","contentUrl":"https:\/\/nadimed.be\/wp-content\/uploads\/2024\/02\/pharmacist-work-1.png"},{"@type":"BreadcrumbList","@id":"https:\/\/nadimed.be\/de\/#breadcrumb","itemListElement":[{"@type":"ListItem","position":1,"name":"Home","item":"https:\/\/nadimed.be\/de\/startseite\/"},{"@type":"ListItem","position":2,"name":"Startseite"}]},{"@type":"WebSite","@id":"https:\/\/nadimed.be\/de\/#website","url":"https:\/\/nadimed.be\/de\/","name":"NadiMed","description":"","publisher":{"@id":"https:\/\/nadimed.be\/de\/#organization"},"potentialAction":[{"@type":"SearchAction","target":{"@type":"EntryPoint","urlTemplate":"https:\/\/nadimed.be\/de\/?s={search_term_string}"},"query-input":{"@type":"PropertyValueSpecification","valueRequired":true,"valueName":"search_term_string"}}],"inLanguage":"de"},{"@type":"Organization","@id":"https:\/\/nadimed.be\/de\/#organization","name":"NadiMed","url":"https:\/\/nadimed.be\/de\/","logo":{"@type":"ImageObject","inLanguage":"de","@id":"https:\/\/nadimed.be\/de\/#\/schema\/logo\/image\/","url":"https:\/\/nadimed.be\/wp-content\/uploads\/2024\/02\/nadi-me-logo.png","contentUrl":"https:\/\/nadimed.be\/wp-content\/uploads\/2024\/02\/nadi-me-logo.png","width":300,"height":290,"caption":"NadiMed"},"image":{"@id":"https:\/\/nadimed.be\/de\/#\/schema\/logo\/image\/"}}]}},"_links":{"self":[{"href":"https:\/\/nadimed.be\/de\/wp-json\/wp\/v2\/pages\/179","targetHints":{"allow":["GET"]}}],"collection":[{"href":"https:\/\/nadimed.be\/de\/wp-json\/wp\/v2\/pages"}],"about":[{"href":"https:\/\/nadimed.be\/de\/wp-json\/wp\/v2\/types\/page"}],"author":[{"embeddable":true,"href":"https:\/\/nadimed.be\/de\/wp-json\/wp\/v2\/users\/1"}],"replies":[{"embeddable":true,"href":"https:\/\/nadimed.be\/de\/wp-json\/wp\/v2\/comments?post=179"}],"version-history":[{"count":19,"href":"https:\/\/nadimed.be\/de\/wp-json\/wp\/v2\/pages\/179\/revisions"}],"predecessor-version":[{"id":1044,"href":"https:\/\/nadimed.be\/de\/wp-json\/wp\/v2\/pages\/179\/revisions\/1044"}],"wp:attachment":[{"href":"https:\/\/nadimed.be\/de\/wp-json\/wp\/v2\/media?parent=179"}],"curies":[{"name":"wp","href":"https:\/\/api.w.org\/{rel}","templated":true}]}}